{"id":50,"date":"2026-02-19T14:14:05","date_gmt":"2026-02-19T14:14:05","guid":{"rendered":"http:\/\/dev-in-sure.absinformatyk.pl\/?page_id=50"},"modified":"2026-04-09T16:09:20","modified_gmt":"2026-04-09T16:09:20","slug":"strefa-agenta","status":"publish","type":"page","link":"https:\/\/dev-in-sure.absinformatyk.pl\/?page_id=50","title":{"rendered":"Strefa partnera"},"content":{"rendered":"<p>Strefa partnera jest przeznaczona dla naszych partner\u00f3w handlowych \u2013 materia\u0142y, dokumenty i informacje wspieraj\u0105ce wsp\u00f3\u0142prac\u0119 z In-Sure.<\/p>\n<p>Je\u015bli potrzebujesz dost\u0119pu lub masz pytania, skontaktuj si\u0119 z nami:<\/p>\n<p>Tel: <a href=\"tel:+48883056056\">+48 883 056 056<\/a><br \/>E-mail: <a href=\"mailto:biuro@in-sure.pl\">biuro@in-sure.pl<\/a><\/p>\n<p><a href=\"\/kontakt\/\" class=\"more\">Strona kontaktowa<\/a><\/p>\n","protected":false},"excerpt":{"rendered":"<p>Strefa partnera jest przeznaczona dla naszych partner\u00f3w handlowych \u2013 materia\u0142y, dokumenty i informacje wspieraj\u0105ce wsp\u00f3\u0142prac\u0119 z In-Sure. Je\u015bli potrzebujesz dost\u0119pu lub masz pytania, skontaktuj si\u0119 z nami: Tel: +48 883 056 056E-mail: biuro@in-sure.pl Strona kontaktowa<\/p>\n","protected":false},"author":1,"featured_media":0,"parent":0,"menu_order":0,"comment_status":"closed","ping_status":"closed","template":"","meta":{"footnotes":""},"class_list":["post-50","page","type-page","status-publish","hentry"],"_links":{"self":[{"href":"https:\/\/dev-in-sure.absinformatyk.pl\/index.php?rest_route=\/wp\/v2\/pages\/50","targetHints":{"allow":["GET"]}}],"collection":[{"href":"https:\/\/dev-in-sure.absinformatyk.pl\/index.php?rest_route=\/wp\/v2\/pages"}],"about":[{"href":"https:\/\/dev-in-sure.absinformatyk.pl\/index.php?rest_route=\/wp\/v2\/types\/page"}],"author":[{"embeddable":true,"href":"https:\/\/dev-in-sure.absinformatyk.pl\/index.php?rest_route=\/wp\/v2\/users\/1"}],"replies":[{"embeddable":true,"href":"https:\/\/dev-in-sure.absinformatyk.pl\/index.php?rest_route=%2Fwp%2Fv2%2Fcomments&post=50"}],"version-history":[{"count":4,"href":"https:\/\/dev-in-sure.absinformatyk.pl\/index.php?rest_route=\/wp\/v2\/pages\/50\/revisions"}],"predecessor-version":[{"id":191,"href":"https:\/\/dev-in-sure.absinformatyk.pl\/index.php?rest_route=\/wp\/v2\/pages\/50\/revisions\/191"}],"wp:attachment":[{"href":"https:\/\/dev-in-sure.absinformatyk.pl\/index.php?rest_route=%2Fwp%2Fv2%2Fmedia&parent=50"}],"curies":[{"name":"wp","href":"https:\/\/api.w.org\/{rel}","templated":true}]}}