{"id":141,"date":"2026-04-09T15:18:10","date_gmt":"2026-04-09T15:18:10","guid":{"rendered":"https:\/\/dev-in-sure.absinformatyk.pl\/?page_id=141"},"modified":"2026-04-09T16:09:20","modified_gmt":"2026-04-09T16:09:20","slug":"o-nas","status":"publish","type":"page","link":"https:\/\/dev-in-sure.absinformatyk.pl\/?page_id=141","title":{"rendered":"O nas"},"content":{"rendered":"<p class=\"mark\">In-sure to pierwsze og\u00f3lnopolskie cash and carry ubezpiecze\u0144. Nie sprzedajemy detalicznie. Zaopatrujemy agent\u00f3w ubezpieczeniowych, takich jak Twoja firma, w najlepsze oferty. Dlaczego? \u017beby wsp\u00f3lnie si\u0119 rozwija\u0107 i razem tworzy\u0107 rynek ubezpiecze\u0144 w Polsce.<\/p>\n<p><strong>In-sure to pewno\u015b\u0107<\/strong>. Jako wieloletni, strategiczny partner kluczowych towarzystw ubezpieczeniowych, dostarczamy najszersz\u0105 gam\u0119 produkt\u00f3w ubezpieczeniowych maj\u0105tkowych i \u017cyciowych oraz najwy\u017csze prowizje.<\/p>\n<p><strong>Dzia\u0142amy w ca\u0142ym kraju, jeste\u015bmy na wyci\u0105gni\u0119cie r\u0119ki<\/strong>. Razem z autorskim programem wsparcia, w tym szkoleniami sprzeda\u017cowymi i systemem informatycznym, upraszczaj\u0105cym i wspieraj\u0105cym struktur\u0119 rozlicze\u0144, pomagamy Ci umacnia\u0107 Twoj\u0105 pozycj\u0119 na rynku. Bezp\u0142atnie, bo ka\u017cdy z nas rozwija si\u0119 dzi\u0119ki partnerskiej wsp\u00f3\u0142pracy.<\/p>\n<p class=\"mark\">Jeste\u015b agentem? Zarz\u0105dzasz w\u0142asn\u0105 agencj\u0105? &#8211; Szukasz rzetelnych partner\u00f3w oraz korzystnych ofert, ale sam decydujesz, w jakim kierunku si\u0119 rozwijasz i jakie relacje budujesz ze swoimi klientami. My\u015blimy podobnie.<\/p>\n<p><strong>Postaw na proste i elastyczne zasady wsp\u00f3\u0142pracy. Bez plan\u00f3w sprzeda\u017cowych ani cudzych wizji. Zabierz to, czego potrzebujesz:<\/strong><\/p>\n<ul>\n<li>Zysk &#8211; dobre oferty z wysok\u0105 prowizj\u0105, w tym pakiety bran\u017cowe czy ubezpieczenia grupowe dla os\u00f3b indywidualnych<\/li>\n<li>Rozw\u00f3j &#8211; darmowe szkolenia biznesowe i sprzeda\u017cowe prowadzone przez certyfikowanych trener\u00f3w<\/li>\n<li>Okazje &#8211; zni\u017cki pozataryfowe i niestandardowe warunki ofert wynegocjowane dla Ciebie<\/li>\n<li>Bezpiecze\u0144stwo &#8211; danych Twoich klient\u00f3w oraz transakcji oraz terminowo\u015b\u0107 i solidno\u015b\u0107 rozlicze\u0144<\/li>\n<li>Informacja &#8211; sta\u0142y dost\u0119p online do ca\u0142ej dokumentacji oraz raporty wznowie\u0144 i monitoring p\u0142atno\u015bci<\/li>\n<li>Przyjemno\u015b\u0107 z pracy &#8211; zesp\u00f3\u0142 In-Sure \u2013 eksperci, doradcy i partnerzy jednocze\u015bnie<\/li>\n<\/ul>\n","protected":false},"excerpt":{"rendered":"<p>In-sure to pierwsze og\u00f3lnopolskie cash and carry ubezpiecze\u0144. Nie sprzedajemy detalicznie. Zaopatrujemy agent\u00f3w ubezpieczeniowych, takich jak Twoja firma, w najlepsze oferty. Dlaczego? \u017beby wsp\u00f3lnie si\u0119 rozwija\u0107 i razem tworzy\u0107 rynek ubezpiecze\u0144 w Polsce. In-sure to pewno\u015b\u0107. Jako wieloletni, strategiczny partner kluczowych towarzystw ubezpieczeniowych, dostarczamy najszersz\u0105 gam\u0119 produkt\u00f3w ubezpieczeniowych maj\u0105tkowych i \u017cyciowych oraz najwy\u017csze prowizje. Dzia\u0142amy [&hellip;]<\/p>\n","protected":false},"author":1,"featured_media":0,"parent":0,"menu_order":0,"comment_status":"closed","ping_status":"closed","template":"","meta":{"footnotes":""},"class_list":["post-141","page","type-page","status-publish","hentry"],"_links":{"self":[{"href":"https:\/\/dev-in-sure.absinformatyk.pl\/index.php?rest_route=\/wp\/v2\/pages\/141","targetHints":{"allow":["GET"]}}],"collection":[{"href":"https:\/\/dev-in-sure.absinformatyk.pl\/index.php?rest_route=\/wp\/v2\/pages"}],"about":[{"href":"https:\/\/dev-in-sure.absinformatyk.pl\/index.php?rest_route=\/wp\/v2\/types\/page"}],"author":[{"embeddable":true,"href":"https:\/\/dev-in-sure.absinformatyk.pl\/index.php?rest_route=\/wp\/v2\/users\/1"}],"replies":[{"embeddable":true,"href":"https:\/\/dev-in-sure.absinformatyk.pl\/index.php?rest_route=%2Fwp%2Fv2%2Fcomments&post=141"}],"version-history":[{"count":2,"href":"https:\/\/dev-in-sure.absinformatyk.pl\/index.php?rest_route=\/wp\/v2\/pages\/141\/revisions"}],"predecessor-version":[{"id":168,"href":"https:\/\/dev-in-sure.absinformatyk.pl\/index.php?rest_route=\/wp\/v2\/pages\/141\/revisions\/168"}],"wp:attachment":[{"href":"https:\/\/dev-in-sure.absinformatyk.pl\/index.php?rest_route=%2Fwp%2Fv2%2Fmedia&parent=141"}],"curies":[{"name":"wp","href":"https:\/\/api.w.org\/{rel}","templated":true}]}}