{"id":14,"date":"2026-02-18T12:01:13","date_gmt":"2026-02-18T12:01:13","guid":{"rendered":"http:\/\/dev-in-sure.absinformatyk.pl\/?page_id=14"},"modified":"2026-04-09T16:09:20","modified_gmt":"2026-04-09T16:09:20","slug":"wspolpraca","status":"publish","type":"page","link":"https:\/\/dev-in-sure.absinformatyk.pl\/?page_id=14","title":{"rendered":"Wsp\u00f3\u0142praca"},"content":{"rendered":"<p class=\"mark\">Twoi Klienci to Twoja si\u0142a. Dla nich liczysz si\u0119 Ty i Twoja oferta. I tutaj wchodzimy my.<br \/>Dajemy Ci to, czego chc\u0105. Jako\u015b\u0107 i niezawodno\u015b\u0107. A Ty cieszysz si\u0119 ich lojalno\u015bci\u0105.<\/p>\n<p>We\u017a z In-Sure to, co najlepsze dla Twoich klient\u00f3w:<\/p>\n<ul>\n<li><strong>Kompleksowo\u015b\u0107:<\/strong> Oferta wszystkich Towarzystw Ubezpieczeniowych w jednym miejscu i autorskie linie produktowe w ramach jednej umowy<\/li>\n<li><strong>Jako\u015b\u0107:<\/strong> Pe\u0142ne wsparcie w przygotowaniu ofert flotowych, korporacyjnych, grupowych, maj\u0105tkowych i innych, wsparcie merytoryczne dedykowanego managera sprzeda\u017cy In-Sure oraz Towarzystwa Ubezpieczeniowego<\/li>\n<li><strong>W\u0142asna marka i niezale\u017cno\u015b\u0107:<\/strong> gwarantujemy Ci pe\u0142n\u0105 niezale\u017cno\u015b\u0107, a je\u015bli tylko chcesz, mo\u017cesz korzysta\u0107 z naszych marek sprzeda\u017cowych. Nie musisz kupowa\u0107 polisy OC multiagenta. Zawsze to Ty dokonujesz wyboru.<\/li>\n<\/ul>\n<div class=\"text-center margin-top\"><a href=\"\/kontakt\/\" class=\"more\">w celu nawi\u0105zania wsp\u00f3\u0142pracy zadzwo\u0144 lub napisz<\/a><\/div>\n","protected":false},"excerpt":{"rendered":"<p>Twoi Klienci to Twoja si\u0142a. Dla nich liczysz si\u0119 Ty i Twoja oferta. I tutaj wchodzimy my.Dajemy Ci to, czego chc\u0105. Jako\u015b\u0107 i niezawodno\u015b\u0107. A Ty cieszysz si\u0119 ich lojalno\u015bci\u0105. We\u017a z In-Sure to, co najlepsze dla Twoich klient\u00f3w: Kompleksowo\u015b\u0107: Oferta wszystkich Towarzystw Ubezpieczeniowych w jednym miejscu i autorskie linie produktowe w ramach jednej umowy [&hellip;]<\/p>\n","protected":false},"author":1,"featured_media":0,"parent":0,"menu_order":0,"comment_status":"closed","ping_status":"closed","template":"","meta":{"footnotes":""},"class_list":["post-14","page","type-page","status-publish","hentry"],"_links":{"self":[{"href":"https:\/\/dev-in-sure.absinformatyk.pl\/index.php?rest_route=\/wp\/v2\/pages\/14","targetHints":{"allow":["GET"]}}],"collection":[{"href":"https:\/\/dev-in-sure.absinformatyk.pl\/index.php?rest_route=\/wp\/v2\/pages"}],"about":[{"href":"https:\/\/dev-in-sure.absinformatyk.pl\/index.php?rest_route=\/wp\/v2\/types\/page"}],"author":[{"embeddable":true,"href":"https:\/\/dev-in-sure.absinformatyk.pl\/index.php?rest_route=\/wp\/v2\/users\/1"}],"replies":[{"embeddable":true,"href":"https:\/\/dev-in-sure.absinformatyk.pl\/index.php?rest_route=%2Fwp%2Fv2%2Fcomments&post=14"}],"version-history":[{"count":3,"href":"https:\/\/dev-in-sure.absinformatyk.pl\/index.php?rest_route=\/wp\/v2\/pages\/14\/revisions"}],"predecessor-version":[{"id":171,"href":"https:\/\/dev-in-sure.absinformatyk.pl\/index.php?rest_route=\/wp\/v2\/pages\/14\/revisions\/171"}],"wp:attachment":[{"href":"https:\/\/dev-in-sure.absinformatyk.pl\/index.php?rest_route=%2Fwp%2Fv2%2Fmedia&parent=14"}],"curies":[{"name":"wp","href":"https:\/\/api.w.org\/{rel}","templated":true}]}}